{"id":51,"date":"2020-11-21T20:39:38","date_gmt":"2020-11-21T19:39:38","guid":{"rendered":"http:\/\/asso-osem.fr\/?page_id=51"},"modified":"2021-01-17T19:59:06","modified_gmt":"2021-01-17T18:59:06","slug":"vous-etes-etudiant-e","status":"publish","type":"page","link":"https:\/\/asso-osem.fr\/index.php\/vous-etes\/vous-etes-etudiant-e\/","title":{"rendered":"Vous \u00eates \u00e9tudiant\u00b7e"},"content":{"rendered":"\t\t<div data-elementor-type=\"wp-page\" data-elementor-id=\"51\" class=\"elementor elementor-51\">\n\t\t\t\t\t\t<div class=\"elementor-inner\">\n\t\t\t\t<div class=\"elementor-section-wrap\">\n\t\t\t\t\t\t\t\t\t<section class=\"elementor-section elementor-top-section elementor-element elementor-element-5865e933 elementor-section-boxed elementor-section-height-default elementor-section-height-default\" data-id=\"5865e933\" data-element_type=\"section\">\n\t\t\t\t\t\t<div class=\"elementor-container elementor-column-gap-default\">\n\t\t\t\t\t\t\t<div class=\"elementor-row\">\n\t\t\t\t\t<div class=\"elementor-column elementor-col-100 elementor-top-column elementor-element elementor-element-4764eecc\" data-id=\"4764eecc\" data-element_type=\"column\">\n\t\t\t<div class=\"elementor-column-wrap elementor-element-populated\">\n\t\t\t\t\t\t\t<div class=\"elementor-widget-wrap\">\n\t\t\t\t\t\t<div class=\"elementor-element elementor-element-3acfa105 elementor-widget elementor-widget-text-editor\" data-id=\"3acfa105\" data-element_type=\"widget\" data-widget_type=\"text-editor.default\">\n\t\t\t\t<div class=\"elementor-widget-container\">\n\t\t\t\t\t\t\t\t<div class=\"elementor-text-editor elementor-clearfix\">\n\t\t\t\t<p><!-- wp:paragraph --><\/p>\n<p><img loading=\"lazy\" width=\"240\" height=\"240\" class=\"wp-image-207\" style=\"width: 100px;\" src=\"http:\/\/asso-osem.fr\/wp-content\/uploads\/2020\/11\/iconmonstr-school-25-240.png\" alt=\"\" srcset=\"https:\/\/asso-osem.fr\/wp-content\/uploads\/2020\/11\/iconmonstr-school-25-240.png 240w, https:\/\/asso-osem.fr\/wp-content\/uploads\/2020\/11\/iconmonstr-school-25-240-150x150.png 150w\" sizes=\"(max-width: 240px) 100vw, 240px\" \/><\/p>\n<p><!-- \/wp:paragraph --><\/p>\n<p><!-- wp:paragraph --><\/p>\n<p>Vous \u00eates \u00e9tudiant\u00b7e touch\u00e9\u00b7e de plein fouet par la crise sanitaire ? Vous avez perdu votre job \u00e9tudiant, avez des difficult\u00e9s \u00e0 r\u00e9gler votre loyer, \u00e0 vous alimenter correctement, \u00e0 suivre vos cours en distanciel faute d&rsquo;\u00e9quipement informatique ? Ou vous souhaitez simplement rompre votre isolement et pouvoir \u00e9changer ?<\/p>\n<p><!-- \/wp:paragraph --><\/p>\n<p><!-- wp:paragraph --><\/p>\n<p>Vous pouvez contactez les b\u00e9n\u00e9voles d&rsquo;O&rsquo;SEM. Un\u00b7e tuteur\u00b7trice ou un parrain\/marraine pourra vous aiguiller vers les solutions mises en place par O&rsquo;SEM et ses partenaires, vous aider dans vos d\u00e9marches, vous soutenir au quotidien. Pour cela , envoyez un message \u00e0 : <a href=\"mailto:osem.aide@gmail.com\">osem.aide[a]gmail.com<\/a><\/p>\n<p>Vous pouvez \u00e9galement consulter la <a href=\"http:\/\/asso-osem.fr\/index.php\/actualites\/\">rubrique \u00ab\u00a0Actualit\u00e9s\u00a0\u00bb<\/a>, dans laquelle sont publi\u00e9es les initiatives de soutien \u00e0 destination des \u00e9tudiant\u00b7e\u00b7s en difficult\u00e9.<\/p><p>Si vous n&rsquo;\u00eates pas inscrit\u00b7e aupr\u00e8s du Secours Populaire, organisme missionn\u00e9 pour l&rsquo;aide aux \u00e9tudiant\u00b7e\u00b7s en difficult\u00e9, faites le rapidement ! Comment faire : <a href=\"http:\/\/asso-osem.fr\/index.php\/2021\/01\/14\/distributions-alimentaires-de-janvier-2021\/\">cliquez ICI.<\/a><br><\/p>\n<p><!-- \/wp:paragraph --><\/p>\t\t\t\t\t<\/div>\n\t\t\t\t\t\t<\/div>\n\t\t\t\t<\/div>\n\t\t\t\t\t\t<\/div>\n\t\t\t\t\t<\/div>\n\t\t<\/div>\n\t\t\t\t\t\t\t\t<\/div>\n\t\t\t\t\t<\/div>\n\t\t<\/section>\n\t\t\t\t\t\t\t\t\t<\/div>\n\t\t\t<\/div>\n\t\t\t\t\t<\/div>\n\t\t","protected":false},"excerpt":{"rendered":"<p>Vous \u00eates \u00e9tudiant\u00b7e touch\u00e9\u00b7e de plein fouet par la crise sanitaire ? Vous avez perdu votre job \u00e9tudiant, avez des difficult\u00e9s \u00e0 r\u00e9gler votre loyer, \u00e0 vous alimenter correctement, \u00e0 suivre vos cours en distanciel faute d&rsquo;\u00e9quipement informatique ? Ou vous souhaitez simplement rompre votre isolement et pouvoir \u00e9changer ? Vous pouvez contactez les b\u00e9n\u00e9voles [&hellip;]<\/p>\n","protected":false},"author":1,"featured_media":0,"parent":117,"menu_order":0,"comment_status":"closed","ping_status":"closed","template":"","meta":[],"_links":{"self":[{"href":"https:\/\/asso-osem.fr\/index.php\/wp-json\/wp\/v2\/pages\/51"}],"collection":[{"href":"https:\/\/asso-osem.fr\/index.php\/wp-json\/wp\/v2\/pages"}],"about":[{"href":"https:\/\/asso-osem.fr\/index.php\/wp-json\/wp\/v2\/types\/page"}],"author":[{"embeddable":true,"href":"https:\/\/asso-osem.fr\/index.php\/wp-json\/wp\/v2\/users\/1"}],"replies":[{"embeddable":true,"href":"https:\/\/asso-osem.fr\/index.php\/wp-json\/wp\/v2\/comments?post=51"}],"version-history":[{"count":11,"href":"https:\/\/asso-osem.fr\/index.php\/wp-json\/wp\/v2\/pages\/51\/revisions"}],"predecessor-version":[{"id":598,"href":"https:\/\/asso-osem.fr\/index.php\/wp-json\/wp\/v2\/pages\/51\/revisions\/598"}],"up":[{"embeddable":true,"href":"https:\/\/asso-osem.fr\/index.php\/wp-json\/wp\/v2\/pages\/117"}],"wp:attachment":[{"href":"https:\/\/asso-osem.fr\/index.php\/wp-json\/wp\/v2\/media?parent=51"}],"curies":[{"name":"wp","href":"https:\/\/api.w.org\/{rel}","templated":true}]}}