{"id":49,"date":"2020-11-21T20:38:35","date_gmt":"2020-11-21T19:38:35","guid":{"rendered":"http:\/\/asso-osem.fr\/?page_id=49"},"modified":"2021-01-17T13:31:18","modified_gmt":"2021-01-17T12:31:18","slug":"vous-etes-mecene","status":"publish","type":"page","link":"https:\/\/asso-osem.fr\/index.php\/vous-etes\/vous-etes-mecene\/","title":{"rendered":"Vous \u00eates m\u00e9c\u00e8ne"},"content":{"rendered":"\t\t<div data-elementor-type=\"wp-page\" data-elementor-id=\"49\" class=\"elementor elementor-49\">\n\t\t\t\t\t\t<div class=\"elementor-inner\">\n\t\t\t\t<div class=\"elementor-section-wrap\">\n\t\t\t\t\t\t\t\t\t<section class=\"elementor-section elementor-top-section elementor-element elementor-element-4a994575 elementor-section-boxed elementor-section-height-default elementor-section-height-default\" data-id=\"4a994575\" data-element_type=\"section\">\n\t\t\t\t\t\t<div class=\"elementor-container elementor-column-gap-default\">\n\t\t\t\t\t\t\t<div class=\"elementor-row\">\n\t\t\t\t\t<div class=\"elementor-column elementor-col-100 elementor-top-column elementor-element elementor-element-2f67719e\" data-id=\"2f67719e\" data-element_type=\"column\">\n\t\t\t<div class=\"elementor-column-wrap elementor-element-populated\">\n\t\t\t\t\t\t\t<div class=\"elementor-widget-wrap\">\n\t\t\t\t\t\t<div class=\"elementor-element elementor-element-111e949a elementor-widget elementor-widget-text-editor\" data-id=\"111e949a\" data-element_type=\"widget\" data-widget_type=\"text-editor.default\">\n\t\t\t\t<div class=\"elementor-widget-container\">\n\t\t\t\t\t\t\t\t<div class=\"elementor-text-editor elementor-clearfix\">\n\t\t\t\t<!-- wp:paragraph -->\n<p><img loading=\"lazy\" width=\"240\" height=\"240\" class=\"wp-image-221\" style=\"width: 100px;\" src=\"http:\/\/asso-osem.fr\/wp-content\/uploads\/2020\/11\/iconmonstr-flip-chart-8-240.png\" alt=\"\" srcset=\"https:\/\/asso-osem.fr\/wp-content\/uploads\/2020\/11\/iconmonstr-flip-chart-8-240.png 240w, https:\/\/asso-osem.fr\/wp-content\/uploads\/2020\/11\/iconmonstr-flip-chart-8-240-150x150.png 150w\" sizes=\"(max-width: 240px) 100vw, 240px\" \/><\/p>\n<!-- \/wp:paragraph --><!-- wp:paragraph -->\n<p>Devant l\u2019ampleur de la demande, et malgr\u00e9 l&rsquo;aide de partenaires, notre mode d\u2019autofinancement ne pouvait pas tenir. Afin de <strong>p\u00e9renniser ces actions sur le long terme<\/strong>, le collectif initial s&rsquo;est transform\u00e9 en association loi 1901. Nous faisons appel \u00e0 votre solidarit\u00e9 et avons lanc\u00e9 un appel aux dons.<\/p>\n<!-- \/wp:paragraph --><!-- wp:paragraph --><!-- \/wp:paragraph --><!-- wp:paragraph --><!-- \/wp:paragraph --><!-- wp:paragraph -->\n<p>Vous pouvez contribuer \u00e0 l&rsquo;effort d&rsquo;O&rsquo;SEM par l&rsquo;apport de denr\u00e9es alimentaires, de n\u00e9cessaire d&rsquo;hygi\u00e8ne, etc&#8230; Contactez-nous par mail \u00e0 <a href=\"mailto:benevole.osem@gmail.com\">benevole.osem[a]gmail.com<\/a><\/p>\n<!-- \/wp:paragraph --><!-- wp:paragraph -->\n<p>Vous pouvez aussi soutenir notre campagne de financement participatif sur <a href=\"https:\/\/www.papayoux-solidarite.com\/fr\/collecte\/o-sem-orleans-soutient-les-etudiantes-du-monde?fbclid=IwAR10YeRzhnZmqDPj9UL3pJfRE2VInb9Z9C6bUy65Zd1V5EgcmVRvyAQmXvw\">Papayoux Solidarit\u00e9<\/a>.<\/p>\n<!-- \/wp:paragraph -->\t\t\t\t\t<\/div>\n\t\t\t\t\t\t<\/div>\n\t\t\t\t<\/div>\n\t\t\t\t\t\t<\/div>\n\t\t\t\t\t<\/div>\n\t\t<\/div>\n\t\t\t\t\t\t\t\t<\/div>\n\t\t\t\t\t<\/div>\n\t\t<\/section>\n\t\t\t\t\t\t\t\t\t<\/div>\n\t\t\t<\/div>\n\t\t\t\t\t<\/div>\n\t\t","protected":false},"excerpt":{"rendered":"<p>Devant l\u2019ampleur de la demande, et malgr\u00e9 l&rsquo;aide de partenaires, notre mode d\u2019autofinancement ne pouvait pas tenir. Afin de p\u00e9renniser ces actions sur le long terme, le collectif initial s&rsquo;est transform\u00e9 en association loi 1901. Nous faisons appel \u00e0 votre solidarit\u00e9 et avons lanc\u00e9 un appel aux dons. Vous pouvez contribuer \u00e0 l&rsquo;effort d&rsquo;O&rsquo;SEM par [&hellip;]<\/p>\n","protected":false},"author":1,"featured_media":0,"parent":117,"menu_order":0,"comment_status":"closed","ping_status":"closed","template":"","meta":[],"_links":{"self":[{"href":"https:\/\/asso-osem.fr\/index.php\/wp-json\/wp\/v2\/pages\/49"}],"collection":[{"href":"https:\/\/asso-osem.fr\/index.php\/wp-json\/wp\/v2\/pages"}],"about":[{"href":"https:\/\/asso-osem.fr\/index.php\/wp-json\/wp\/v2\/types\/page"}],"author":[{"embeddable":true,"href":"https:\/\/asso-osem.fr\/index.php\/wp-json\/wp\/v2\/users\/1"}],"replies":[{"embeddable":true,"href":"https:\/\/asso-osem.fr\/index.php\/wp-json\/wp\/v2\/comments?post=49"}],"version-history":[{"count":8,"href":"https:\/\/asso-osem.fr\/index.php\/wp-json\/wp\/v2\/pages\/49\/revisions"}],"predecessor-version":[{"id":544,"href":"https:\/\/asso-osem.fr\/index.php\/wp-json\/wp\/v2\/pages\/49\/revisions\/544"}],"up":[{"embeddable":true,"href":"https:\/\/asso-osem.fr\/index.php\/wp-json\/wp\/v2\/pages\/117"}],"wp:attachment":[{"href":"https:\/\/asso-osem.fr\/index.php\/wp-json\/wp\/v2\/media?parent=49"}],"curies":[{"name":"wp","href":"https:\/\/api.w.org\/{rel}","templated":true}]}}