{"id":15,"date":"2020-11-21T20:06:16","date_gmt":"2020-11-21T19:06:16","guid":{"rendered":"http:\/\/asso-osem.fr\/?page_id=15"},"modified":"2022-02-21T11:02:51","modified_gmt":"2022-02-21T10:02:51","slug":"nos-missions","status":"publish","type":"page","link":"https:\/\/asso-osem.fr\/index.php\/nos-missions\/","title":{"rendered":"Nos missions"},"content":{"rendered":"\t\t<div data-elementor-type=\"wp-page\" data-elementor-id=\"15\" class=\"elementor elementor-15\">\n\t\t\t\t\t\t<div class=\"elementor-inner\">\n\t\t\t\t<div class=\"elementor-section-wrap\">\n\t\t\t\t\t\t\t\t\t<section class=\"elementor-section elementor-top-section elementor-element elementor-element-539f0901 elementor-section-boxed elementor-section-height-default elementor-section-height-default\" data-id=\"539f0901\" data-element_type=\"section\">\n\t\t\t\t\t\t<div class=\"elementor-container elementor-column-gap-default\">\n\t\t\t\t\t\t\t<div class=\"elementor-row\">\n\t\t\t\t\t<div class=\"elementor-column elementor-col-100 elementor-top-column elementor-element elementor-element-4b14957f\" data-id=\"4b14957f\" data-element_type=\"column\">\n\t\t\t<div class=\"elementor-column-wrap elementor-element-populated\">\n\t\t\t\t\t\t\t<div class=\"elementor-widget-wrap\">\n\t\t\t\t\t\t<div class=\"elementor-element elementor-element-2eebf48a elementor-widget elementor-widget-text-editor\" data-id=\"2eebf48a\" data-element_type=\"widget\" data-widget_type=\"text-editor.default\">\n\t\t\t\t<div class=\"elementor-widget-container\">\n\t\t\t\t\t\t\t\t<div class=\"elementor-text-editor elementor-clearfix\">\n\t\t\t\t<p><!-- wp:paragraph --><\/p>\n<p><span style=\"color: #808080;\">O&rsquo;SEM participe \u00e0 la <strong>mise en place d\u2019une aide d\u2019urgence<\/strong>, en apportant des <strong>\u00e9l\u00e9ments de premi\u00e8re n\u00e9cessit\u00e9<\/strong> aux \u00e9tudiant\u00b7e\u00b7s en situation de pr\u00e9carit\u00e9.\u00a0 Actuellement, sont concern\u00e9\u00b7e\u00b7s essentiellement les <strong>\u00e9tudiant\u00b7e\u00b7s \u00e9tranger\u00b7\u00e8re\u00b7s accueilli\u00b7e\u00b7s \u00e0 l\u2019Universit\u00e9 d\u2019Orl\u00e9ans<\/strong>, que ce soit en mobilit\u00e9 individuelle ou encadr\u00e9e,\u00a0<strong> ceux en rupture avec leur famille<\/strong> et des<strong> \u00e9tudiant\u00b7e\u00b7s non boursier\u00b7\u00e8res \u2013 donc non \u00e9ligibles \u00e0 la plupart des aides exceptionnelles mises en place par le rectorat \u2013 <\/strong>et <strong>ceux dont les familles connaissent des difficult\u00e9s financi\u00e8res depuis le premier confinement.<\/strong><\/span><\/p>\n<p><span style=\"color: #808080;\"><!-- \/wp:paragraph --><\/span><\/p>\n<p><span style=\"color: #808080;\"><!-- wp:paragraph --><\/span><\/p>\n<p><span style=\"color: #808080;\">Notre objectif est de les aider \u00e0 <strong>affronter la pr\u00e9carit\u00e9<\/strong>, dans un <strong>contexte universitaire et \u00e9conomique \u00e0 l\u2019activit\u00e9 restreinte<\/strong>.<\/span><\/p>\n<p><span style=\"color: #808080;\"><!-- \/wp:paragraph --><\/span><\/p>\n<p><span style=\"color: #808080;\"><!-- wp:paragraph --><\/span><\/p>\n<p><span style=\"color: #808080;\">O&rsquo;SEM met \u00e9galement en relation chaque \u00e9tudiant\u00b7e le souhaitant avec <strong>un tuteur\u00b7trice parmi les personnels de l\u2019universit\u00e9 et\/ou un parrain\/une marraine de la soci\u00e9t\u00e9 civile, et\/ou un bin\u00f4me \u00e9tudiant\u00b7e<\/strong>. Ce tutorat \/ parrainage permet non seulement une sortie de l\u2019isolement frappant les \u00e9tudiant\u00b7e\u00b7s fragilis\u00e9\u00b7e\u00b7s, mais aussi <strong>un accompagnement des \u00e9tudiant\u00b7e\u00b7s vers les syst\u00e8mes d\u2019aides<\/strong>, telles que celles fournies par le CROUS et les services d\u00e9di\u00e9s de l\u2019universit\u00e9 d\u2019Orl\u00e9ans, et les diverses distributions de colis alimentaires, qu\u2019elles soient organis\u00e9es par des associations sp\u00e9cialis\u00e9es dans l\u2019aide alimentaire, ou par d\u2019autres collectifs universitaires (pour exemple, le collectif initi\u00e9 au CoST \u2013 UFR Sciences et Techniques : lire <a style=\"color: #808080;\" href=\"https:\/\/www.magcentre.fr\/195088-sur-le-campus-dorleans-la-solidarite-a-encore-frappe\/\" target=\"_blank\" rel=\"noreferrer noopener\">Mag\u2019Centre lien ici<\/a>).\u00a0<\/span><\/p>\n<p><span style=\"color: #808080;\"><!-- \/wp:paragraph --><\/span><\/p>\n<p><span style=\"color: #808080;\"><!-- wp:paragraph --><\/span><\/p>\n<p><span style=\"color: #808080;\">O\u2019SEM a d\u00e9j\u00e0 effectu\u00e9 plusieurs distributions d\u2019urgence, dans le strict respect des consignes sanitaires mises en place actuellement (La <a style=\"color: #808080;\" href=\"https:\/\/www.larep.fr\/orleans-45000\/actualites\/confines-dans-moins-de-20-metres-carres-des-etudiants-orleanais-face-a-l-isolement_13777643\/?fbclid=IwAR3PCQQ7XZqYJ5zX3X6bfPgKyv60Lq5PHDy0rE9s3ssnZT3ABdduzYwzUfA#refresh\" target=\"_blank\" rel=\"noreferrer noopener\">R\u00e9publique du Centre du 11\/04\/2020<\/a>).<\/span><\/p>\n<p><span style=\"color: #808080;\">\u00a0O\u2019SEM s\u2019inscrit dans une dimension d\u2019int\u00e9r\u00eat g\u00e9n\u00e9ral, en s\u2019ouvrant aux publics les plus fragiles, en pr\u00e9servant \u00e0 ses activit\u00e9s <strong>un caract\u00e8re non lucratif, la\u00efque et apolitique<\/strong> : elle s\u2019interdit toute affiliation partisane.<\/span><\/p>\n<p>\u00a0<\/p>\n<p><span style=\"color: #808080;\">Ceci passe par la <strong>mise en place d\u2019une aide d\u2019urgence<\/strong>, en apportant des <strong>\u00e9l\u00e9ments de premi\u00e8re n\u00e9cessit\u00e9<\/strong> aux \u00e9tudiant\u00b7e\u00b7s en situation de pr\u00e9carit\u00e9. Actuellement, sont concern\u00e9\u00b7e\u00b7s essentiellement les \u00e9tudiant\u00b7e\u00b7s \u00e9tranger\u00b7\u00e8re\u00b7s accueilli\u00b7e\u00b7s \u00e0 l\u2019Universit\u00e9 d\u2019Orl\u00e9ans, que ce soit en mobilit\u00e9 individuelle ou encadr\u00e9e,\u00a0<strong> ceux en rupture avec leur famille et des \u00e9tudiant\u00b7e\u00b7s non boursier\u00b7\u00e8res \u2013 donc non \u00e9ligibles \u00e0 la plupart des aides exceptionnelles mises en place par le rectorat \u2013 et dont les familles connaissent des difficult\u00e9s financi\u00e8res depuis le premier confinement.<\/strong> Notre objectif est \u00e9galement de les aider \u00e0 <strong>affronter la pr\u00e9carit\u00e9 de ces prochains mois<\/strong>, dans un <strong>contexte universitaire et \u00e9conomique \u00e0 l\u2019activit\u00e9 restreinte<\/strong>. Nous mettons \u00e9galement en relation chaque \u00e9tudiant\u00b7e le souhaitant avec <strong>un tuteur\u00b7trice parmi les personnels de l\u2019universit\u00e9 et\/ou un parrain\/une marraine de la soci\u00e9t\u00e9 civile, et\/ou un bin\u00f4me \u00e9tudiant\u00b7e<\/strong>. Ce tutorat \/ parrainage permet non seulement une sortie de l\u2019isolement frappant les \u00e9tudiant\u00b7e\u00b7s fragilis\u00e9\u00b7e\u00b7s, mais aussi <strong>un accompagnement des \u00e9tudiant\u00b7e\u00b7s vers les syst\u00e8mes d\u2019aides<\/strong>, telles que celles fournies par le CROUS et les services d\u00e9di\u00e9s de l\u2019universit\u00e9 d\u2019Orl\u00e9ans, et les diverses distributions de colis alimentaires, qu\u2019elles soient organis\u00e9es par des associations sp\u00e9cialis\u00e9es dans l\u2019aide alimentaire, ou par d\u2019autres collectifs universitaires (pour exemple, le collectif initi\u00e9 au CoST \u2013 UFR Sciences et Techniques : lire <a style=\"color: #808080;\" href=\"https:\/\/www.magcentre.fr\/195088-sur-le-campus-dorleans-la-solidarite-a-encore-frappe\/\" target=\"_blank\" rel=\"noreferrer noopener\">Mag\u2019Centre lien ici<\/a>). <br \/><\/span><\/p>\n<p>\u00a0<\/p>\n<p><!-- \/wp:paragraph --><\/p>\n<p><!-- wp:paragraph --><\/p>\n<p><!-- \/wp:paragraph --><\/p>\t\t\t\t\t<\/div>\n\t\t\t\t\t\t<\/div>\n\t\t\t\t<\/div>\n\t\t\t\t\t\t<\/div>\n\t\t\t\t\t<\/div>\n\t\t<\/div>\n\t\t\t\t\t\t\t\t<\/div>\n\t\t\t\t\t<\/div>\n\t\t<\/section>\n\t\t\t\t\t\t\t\t\t<\/div>\n\t\t\t<\/div>\n\t\t\t\t\t<\/div>\n\t\t","protected":false},"excerpt":{"rendered":"<p>O&rsquo;SEM participe \u00e0 la mise en place d\u2019une aide d\u2019urgence, en apportant des \u00e9l\u00e9ments de premi\u00e8re n\u00e9cessit\u00e9 aux \u00e9tudiant\u00b7e\u00b7s en situation de pr\u00e9carit\u00e9.\u00a0 Actuellement, sont concern\u00e9\u00b7e\u00b7s essentiellement les \u00e9tudiant\u00b7e\u00b7s \u00e9tranger\u00b7\u00e8re\u00b7s accueilli\u00b7e\u00b7s \u00e0 l\u2019Universit\u00e9 d\u2019Orl\u00e9ans, que ce soit en mobilit\u00e9 individuelle ou encadr\u00e9e,\u00a0 ceux en rupture avec leur famille et des \u00e9tudiant\u00b7e\u00b7s non boursier\u00b7\u00e8res \u2013 donc [&hellip;]<\/p>\n","protected":false},"author":1,"featured_media":0,"parent":0,"menu_order":3,"comment_status":"closed","ping_status":"closed","template":"","meta":[],"_links":{"self":[{"href":"https:\/\/asso-osem.fr\/index.php\/wp-json\/wp\/v2\/pages\/15"}],"collection":[{"href":"https:\/\/asso-osem.fr\/index.php\/wp-json\/wp\/v2\/pages"}],"about":[{"href":"https:\/\/asso-osem.fr\/index.php\/wp-json\/wp\/v2\/types\/page"}],"author":[{"embeddable":true,"href":"https:\/\/asso-osem.fr\/index.php\/wp-json\/wp\/v2\/users\/1"}],"replies":[{"embeddable":true,"href":"https:\/\/asso-osem.fr\/index.php\/wp-json\/wp\/v2\/comments?post=15"}],"version-history":[{"count":10,"href":"https:\/\/asso-osem.fr\/index.php\/wp-json\/wp\/v2\/pages\/15\/revisions"}],"predecessor-version":[{"id":2066,"href":"https:\/\/asso-osem.fr\/index.php\/wp-json\/wp\/v2\/pages\/15\/revisions\/2066"}],"wp:attachment":[{"href":"https:\/\/asso-osem.fr\/index.php\/wp-json\/wp\/v2\/media?parent=15"}],"curies":[{"name":"wp","href":"https:\/\/api.w.org\/{rel}","templated":true}]}}